{"id":638,"date":"2012-12-06T22:12:32","date_gmt":"2012-12-06T20:12:32","guid":{"rendered":"http:\/\/www.andreas-dresen.de\/wordpress\/?page_id=638"},"modified":"2012-12-06T22:12:44","modified_gmt":"2012-12-06T20:12:44","slug":"anthologien-und-wettbewerbe","status":"publish","type":"page","link":"https:\/\/www.andreas-dresen.de\/wordpress\/?page_id=638","title":{"rendered":"Anthologien und Wettbewerbe"},"content":{"rendered":"<p>&#8222;BioMec&#8220; in\u00a0XUN-Magazin 27,\u00a0Dezember 2011<\/p>\n<p>&#8222;Irischer Morgen&#8220; in\u00a0Irische Momente: Begegnungen in und mit Irland<\/p>\n<p>&#8222;Aachener Teufelei&#8220; in Chill&amp;Thrill\u00a0Hrsg. Alisha Bionda &amp; Tanya Carpenter<\/p>\n<p>&#8222;Bittermanns Entscheidung&#8220;\u00a0 in\u00a0\u201cXUN &#8211; Jubil\u00e4en und andere Katastrophen\u201d<\/p>\n<p>&#8222;W\u00fcrfel Nr. 13&#8220; in\u00a0&#8222;Boa Esperanca Story Center 2009&#8220; Michael Haitel (Hrsg.)<\/p>\n<p>&#8222;Die Weltmaschine&#8220; in &#8222;Verborgene Rituale&#8220; Dr. Paul Sanker (Hrsg.)<\/p>\n<p>&#8222;Das erste Kinde geh\u00f6rt dem Staat&#8220; in &#8222;Von der Z\u00e4rtlichkeit des \u00dcbermorgen&#8220; von Marlies Eifert und Georg Grimm-Eifert (Hrsg.)<\/p>\n<p><a title=\"http:\/\/www.andreas-dresen.de\/blog\/?p=50\" href=\"http:\/\/www.andreas-dresen.de\/blog\/?p=50\">Die Wogen der Zeit\u201d<\/a> in Kurzgeschichten Band 04\/07<\/p>\n<p><a title=\"http:\/\/www.andreas-dresen.de\/blog\/?p=51\" href=\"http:\/\/www.andreas-dresen.de\/blog\/?p=51\">\u201cWarum er fast lernte Brot zu backen\u201d<\/a> in Kurzgeschichten Band 07\/07<br \/>\n<a title=\"http:\/\/www.andreas-dresen.de\/blog\/?p=44\" href=\"http:\/\/www.andreas-dresen.de\/blog\/?p=44\"><\/a><\/p>\n<p><a title=\"http:\/\/www.andreas-dresen.de\/blog\/?p=44\" href=\"http:\/\/www.andreas-dresen.de\/blog\/?p=44\">\u201c30 Euro\u201d<\/a> in Kurzgeschichten Band 09\/07<\/p>\n<p><a title=\"http:\/\/www.andreas-dresen.de\/blog\/?p=42\" href=\"http:\/\/www.andreas-dresen.de\/blog\/?p=42\">\u201cDas Buch\u201d<\/a> in Kurzgeschichten Band 06\/08<\/p>\n<p><strong>Wettbewerbe<strong> <\/strong><\/strong><\/p>\n<p><strong> <\/strong><strong> <\/strong><strong> <\/strong><strong> <\/strong><strong> <\/strong><strong> <\/strong><strong> <\/strong><\/p>\n<p>3. Platz des Kurzgeschichtenwettbewerbs im\u00a0<a title=\"http:\/\/www.corona-magazine.de\/archiv\/corona191.html\" href=\"http:\/\/www.corona-magazine.de\/archiv\/corona191.html\">Corona Magazin Ausgabe 191<\/a>(07.11.2007) &#8211;\u00a0<a title=\"http:\/\/www.andreas-dresen.de\/blog\/?p=7\" href=\"http:\/\/www.andreas-dresen.de\/blog\/?p=7\">\u201cJulie\u201d<\/a><\/p>\n<p>1. Platz des Kurzgeschichtenwettbewerbs \u201cFerne Ziele\u201d im\u00a0<a title=\"http:\/\/www.corona-magazine.de\/archiv\/corona203.html\" href=\"http:\/\/www.corona-magazine.de\/archiv\/corona203.html\">Corona Magazin Ausgabe 203<\/a>(18.06.2008) &#8211;\u00a0<a title=\"http:\/\/www.andreas-dresen.de\/blog\/?p=41\" href=\"http:\/\/www.andreas-dresen.de\/blog\/?p=41\">\u201cEin sch\u00f6ner Tag zum Sterben\u201d<\/a><\/p>\n<p>4. Platz des Kurzgeschichtenwettbewerbs \u201cHinter dem Spiegel\u201d im\u00a0<a title=\"http:\/\/www.corona-magazine.de\/archiv\/corona203.html\" href=\"http:\/\/www.corona-magazine.de\/archiv\/corona203.html\">Corona Magazin Ausgabe 223<\/a> (30.09.2009 &#8211;\u00a0<a title=\"http:\/\/www.corona-magazine.de\/archiv\/corona223.html\" href=\"http:\/\/www.corona-magazine.de\/archiv\/corona223.html\">\u201cNur ein Trick\u201d<\/a><\/p>\n<p>2. Platz des Kurzgeschichtenwettbewerbs \u201cExil\u201d im\u00a0<a title=\"http:\/\/www.corona-magazine.de\/archiv\/corona233.html\" href=\"http:\/\/www.corona-magazine.de\/archiv\/corona233.html\">Corona Magazin Ausgabe 233<\/a>(31.03.2010) &#8211;\u00a0<a title=\"http:\/\/www.corona-magazine.de\/archiv\/corona233.html#content9\" href=\"http:\/\/www.corona-magazine.de\/archiv\/corona233.html#content9\">\u201cSpace Sabbath\u201c<\/a><\/p>\n<p>2. Platz des Kurzgeschichtenwettbewerbs &#8222;Eroberer&#8220; im\u00a0<a href=\"http:\/\/archive.corona-magazine.de\/corona251.html\">Corona Magazin Ausgabe 251<\/a><\/p>\n<p>3. Platz beim Schreibwettbewerb \u201cTraumtinte\u201d &#8211;\u00a0<a title=\"http:\/\/www.schreibwerkstatt.de\/schreibwettbewerb-t10941.html\" href=\"http:\/\/www.schreibwerkstatt.de\/schreibwettbewerb-t10941.html\">\u201cGummib\u00e4rchen\u201d<\/a><\/p>\n<p>5. Platz bei der Jubil\u00e4umsausschreibung des XUN-Magazins &#8211;\u00a0\u00a0<a title=\"http:\/\/www.xun-online.de\/html\/ergebnisse.html\" href=\"http:\/\/www.xun-online.de\/html\/ergebnisse.html\">Bittermanns Entscheidung<\/a><\/p>\n<p>&nbsp;<\/p>\n","protected":false},"excerpt":{"rendered":"<p>&#8222;BioMec&#8220; in\u00a0XUN-Magazin 27,\u00a0Dezember 2011 &#8222;Irischer Morgen&#8220; in\u00a0Irische Momente: Begegnungen in und mit Irland &#8222;Aachener Teufelei&#8220; in Chill&amp;Thrill\u00a0Hrsg. Alisha Bionda &amp; Tanya Carpenter &#8222;Bittermanns Entscheidung&#8220;\u00a0 in\u00a0\u201cXUN &#8211; Jubil\u00e4en und andere Katastrophen\u201d &#8222;W\u00fcrfel Nr. 13&#8220; in\u00a0&#8222;Boa Esperanca Story Center 2009&#8220; Michael Haitel &hellip; <a href=\"https:\/\/www.andreas-dresen.de\/wordpress\/?page_id=638\">Weiterlesen <span class=\"meta-nav\">&rarr;<\/span><\/a><\/p>\n","protected":false},"author":1,"featured_media":0,"parent":58,"menu_order":0,"comment_status":"open","ping_status":"open","template":"","meta":{"ngg_post_thumbnail":0},"_links":{"self":[{"href":"https:\/\/www.andreas-dresen.de\/wordpress\/index.php?rest_route=\/wp\/v2\/pages\/638"}],"collection":[{"href":"https:\/\/www.andreas-dresen.de\/wordpress\/index.php?rest_route=\/wp\/v2\/pages"}],"about":[{"href":"https:\/\/www.andreas-dresen.de\/wordpress\/index.php?rest_route=\/wp\/v2\/types\/page"}],"author":[{"embeddable":true,"href":"https:\/\/www.andreas-dresen.de\/wordpress\/index.php?rest_route=\/wp\/v2\/users\/1"}],"replies":[{"embeddable":true,"href":"https:\/\/www.andreas-dresen.de\/wordpress\/index.php?rest_route=%2Fwp%2Fv2%2Fcomments&post=638"}],"version-history":[{"count":3,"href":"https:\/\/www.andreas-dresen.de\/wordpress\/index.php?rest_route=\/wp\/v2\/pages\/638\/revisions"}],"predecessor-version":[{"id":642,"href":"https:\/\/www.andreas-dresen.de\/wordpress\/index.php?rest_route=\/wp\/v2\/pages\/638\/revisions\/642"}],"up":[{"embeddable":true,"href":"https:\/\/www.andreas-dresen.de\/wordpress\/index.php?rest_route=\/wp\/v2\/pages\/58"}],"wp:attachment":[{"href":"https:\/\/www.andreas-dresen.de\/wordpress\/index.php?rest_route=%2Fwp%2Fv2%2Fmedia&parent=638"}],"curies":[{"name":"wp","href":"https:\/\/api.w.org\/{rel}","templated":true}]}}