{"id":58,"date":"2011-04-20T23:05:06","date_gmt":"2011-04-20T21:05:06","guid":{"rendered":"http:\/\/www.andreas-dresen.de\/wordpress\/?page_id=58"},"modified":"2013-03-05T16:13:01","modified_gmt":"2013-03-05T14:13:01","slug":"veroffentlichungen","status":"publish","type":"page","link":"https:\/\/www.andreas-dresen.de\/wordpress\/?page_id=58","title":{"rendered":"Ver\u00f6ffentlichungen"},"content":{"rendered":"<div id=\"id2\">\n<div>\n<div>\n<p style=\"text-align: left;\">Bitte w\u00e4hlt aus den oben genannten Kategorien aus. Entweder <a href=\"https:\/\/www.andreas-dresen.de\/wordpress\/?page_id=190\">B\u00fccher<\/a>, <a href=\"https:\/\/www.andreas-dresen.de\/wordpress\/?page_id=285\">ebooks<\/a>, <a href=\"https:\/\/www.andreas-dresen.de\/wordpress\/?page_id=638\">Wettbewerbe<\/a> oder <a href=\"https:\/\/www.andreas-dresen.de\/wordpress\/?page_id=643\">Rezensionen<\/a> zu meinen B\u00fcchern.<\/p>\n<\/div>\n<\/div>\n<\/div>\n<p><script src=\"https:\/\/apis.google.com\/js\/plusone.js\" type=\"text\/javascript\">\/\/ <![CDATA[\n    {lang: 'de'}\n\/\/ ]]><\/script><\/p>\n<p><!-- Dieses Tag dort einf\u00fcgen, wo die +1-Schaltfl\u00e4che dargestellt werden soll --><\/p>\n","protected":false},"excerpt":{"rendered":"<p>Bitte w\u00e4hlt aus den oben genannten Kategorien aus. Entweder B\u00fccher, ebooks, Wettbewerbe oder Rezensionen zu meinen B\u00fcchern.<\/p>\n","protected":false},"author":1,"featured_media":0,"parent":0,"menu_order":0,"comment_status":"open","ping_status":"open","template":"","meta":{"ngg_post_thumbnail":0},"_links":{"self":[{"href":"https:\/\/www.andreas-dresen.de\/wordpress\/index.php?rest_route=\/wp\/v2\/pages\/58"}],"collection":[{"href":"https:\/\/www.andreas-dresen.de\/wordpress\/index.php?rest_route=\/wp\/v2\/pages"}],"about":[{"href":"https:\/\/www.andreas-dresen.de\/wordpress\/index.php?rest_route=\/wp\/v2\/types\/page"}],"author":[{"embeddable":true,"href":"https:\/\/www.andreas-dresen.de\/wordpress\/index.php?rest_route=\/wp\/v2\/users\/1"}],"replies":[{"embeddable":true,"href":"https:\/\/www.andreas-dresen.de\/wordpress\/index.php?rest_route=%2Fwp%2Fv2%2Fcomments&post=58"}],"version-history":[{"count":23,"href":"https:\/\/www.andreas-dresen.de\/wordpress\/index.php?rest_route=\/wp\/v2\/pages\/58\/revisions"}],"predecessor-version":[{"id":65,"href":"https:\/\/www.andreas-dresen.de\/wordpress\/index.php?rest_route=\/wp\/v2\/pages\/58\/revisions\/65"}],"wp:attachment":[{"href":"https:\/\/www.andreas-dresen.de\/wordpress\/index.php?rest_route=%2Fwp%2Fv2%2Fmedia&parent=58"}],"curies":[{"name":"wp","href":"https:\/\/api.w.org\/{rel}","templated":true}]}}