{"id":45,"date":"2011-04-20T16:07:58","date_gmt":"2011-04-20T14:07:58","guid":{"rendered":"http:\/\/www.andreas-dresen.de\/wordpress\/?page_id=45"},"modified":"2018-05-14T14:07:34","modified_gmt":"2018-05-14T12:07:34","slug":"kontakt","status":"publish","type":"page","link":"https:\/\/www.andreas-dresen.de\/wordpress\/?page_id=45","title":{"rendered":"Datenschutz \/ Impressum"},"content":{"rendered":"<p>(Ich bin NICHT der Filmemacher! Sie k\u00f6nnen Ihn \u00fcber diesen Kontakt nicht errreichen!)<\/p>\n<h1>Impressum<\/h1>\n<h2>Angaben gem\u00e4\u00df \u00a7 5 TMG:<\/h2>\n<p>Andreas Dresen<br \/>\nHerrenbergstr. 26<br \/>\n52080 Aachen<\/p>\n<h2>Kontakt:<\/h2>\n<p>E-Mail: info@andreas-dresen.de<\/p>\n<h2>Verantwortlich f\u00fcr den Inhalt nach \u00a7 55 Abs. 2 RStV:<\/h2>\n<p>Andreas Dresen<\/p>\n<p>Herrenbergstra\u00dfe 26<br \/>\n52080 Aachen<\/p>\n<h2>Streitschlichtung<\/h2>\n<p>Wir sind nicht bereit<br \/>\noder verpflichtet, an Streitbeilegungsverfahren vor einer Verbraucherschlichtungsstelle teilzunehmen.<\/p>\n<h2>Haftung f\u00fcr Inhalte<\/h2>\n<p>Als Diensteanbieter sind wir gem\u00e4\u00df \u00a7 7 Abs.1<br \/>\nTMG f\u00fcr eigene Inhalte auf diesen Seiten nach den allgemeinen Gesetzen verantwortlich. Nach<br \/>\n\u00a7\u00a7 8 bis 10 TMG sind wir als Diensteanbieter jedoch nicht verpflichtet, \u00fcbermittelte oder<br \/>\ngespeicherte fremde Informationen zu \u00fcberwachen oder nach Umst\u00e4nden zu forschen, die auf<br \/>\neine rechtswidrige T\u00e4tigkeit hinweisen.<\/p>\n<p>Verpflichtungen zur Entfernung oder Sperrung der<br \/>\nNutzung von Informationen nach den allgemeinen Gesetzen bleiben hiervon unber\u00fchrt. Eine<br \/>\ndiesbez\u00fcgliche Haftung ist jedoch erst ab dem Zeitpunkt der Kenntnis einer konkreten<br \/>\nRechtsverletzung m\u00f6glich. Bei Bekanntwerden von entsprechenden Rechtsverletzungen werden wir<br \/>\ndiese Inhalte umgehend entfernen.<\/p>\n<h2>Haftung f\u00fcr Links<\/h2>\n<p>Unser Angebot<br \/>\nenth\u00e4lt Links zu externen Websites Dritter, auf deren Inhalte wir keinen Einfluss haben. Deshalb<br \/>\nk\u00f6nnen wir f\u00fcr diese fremden Inhalte auch keine Gew\u00e4hr \u00fcbernehmen. F\u00fcr<br \/>\ndie Inhalte der verlinkten Seiten ist stets der jeweilige Anbieter oder Betreiber der Seiten verantwortlich.<br \/>\nDie verlinkten Seiten wurden zum Zeitpunkt der Verlinkung auf m\u00f6gliche Rechtsverst\u00f6\u00dfe<br \/>\n\u00fcberpr\u00fcft. Rechtswidrige Inhalte waren zum Zeitpunkt der Verlinkung nicht erkennbar.<\/p>\n<p>Eine permanente inhaltliche Kontrolle der verlinkten Seiten ist jedoch ohne konkrete Anhaltspunkte<br \/>\neiner Rechtsverletzung nicht zumutbar. Bei Bekanntwerden von Rechtsverletzungen werden wir derartige<br \/>\nLinks umgehend entfernen.<\/p>\n<h2>Urheberrecht<\/h2>\n<p>Die durch die Seitenbetreiber erstellten<br \/>\nInhalte und Werke auf diesen Seiten unterliegen dem deutschen Urheberrecht. Die Vervielf\u00e4ltigung,<br \/>\nBearbeitung, Verbreitung und jede Art der Verwertung au\u00dferhalb der Grenzen des Urheberrechtes<br \/>\nbed\u00fcrfen der schriftlichen Zustimmung des jeweiligen Autors bzw. Erstellers. Downloads und Kopien<br \/>\ndieser Seite sind nur f\u00fcr den privaten, nicht kommerziellen Gebrauch gestattet.<\/p>\n<p>Soweit die<br \/>\nInhalte auf dieser Seite nicht vom Betreiber erstellt wurden, werden die Urheberrechte Dritter beachtet.<br \/>\nInsbesondere werden Inhalte Dritter als solche gekennzeichnet. Sollten Sie trotzdem auf eine<br \/>\nUrheberrechtsverletzung aufmerksam werden, bitten wir um einen entsprechenden Hinweis. Bei<br \/>\nBekanntwerden von Rechtsverletzungen werden wir derartige Inhalte umgehend entfernen.<\/p>\n<p>Quelle: <a href=\"https:\/\/www.e-recht24.de\/impressum-generator.html\">https:\/\/www.erecht24.de\/impressum-generator.html<\/a><\/p>\n<p><strong>Haftungsausschluss<\/strong><\/p>\n<p>Der Autor\/Inhaber hat die Informationen und Daten dieser Internet-Seite mit gr\u00f6\u00dfter Sorgfalt zusammengestellt. Eine Haftung f\u00fcr die Richtigkeit, Aktualit\u00e4t und Vollst\u00e4ndigkeit der Informationen wird jedoch ausgeschlossen, soweit dies gesetzlich zul\u00e4ssig ist.<\/p>\n<p>Der Autor\/Inhaber weist ausdr\u00fccklich darauf hin, dass f\u00fcr den Inhalt anderer Websites, auf die mittels eines Hyperlink oder textlich verwiesen wird, keinerlei Verantwortung \u00fcbernommen werden kann. Es ist \u00fcblich, dass Websites im Laufe der Zeit redaktionell \u00fcberarbeitet werden. Der Autor\/Inhaber hat bei der erstmaligen Einrichtung des Verweises zwar den fremden Inhalt daraufhin \u00fcberpr\u00fcft, ob durch ihn eine m\u00f6gliche zivilrechtliche oder strafrechtliche Verantwortlichkeit ausgel\u00f6st wird. Der Autor\/Inhaber ist jedoch nach dem Teledienstegesetz nicht verpflichtet, die Inhalte, auf die verwiesen wird, st\u00e4ndig auf Ver\u00e4nderungen zu \u00fcberpr\u00fcfen, die eine Verantwortlichkeit begr\u00fcnden k\u00f6nnen. Sollte der Autor\/Inhaber feststellen oder darauf hingewiesen werden, dass eine Website, auf die seitens dieser Webseite verwiesen wird, eine zivil- oder strafrechtliche Verantwortlichkeit ausl\u00f6st, wird der Autor\/Inhaber im Rahmen des technisch M\u00f6glichen und Zumutbaren den Verweis auf die betreffende Website entfernen.<\/p>\n<p>Der Autor\/Inhaber beh\u00e4lt sich vor, \u00c4nderungen oder Erg\u00e4nzungen der bereitgestellten Informationen, Daten und Programme ohne Ank\u00fcndigung vorzunehmen.<\/p>\n<p><strong>Urheberrecht\/Copyright<\/strong><\/p>\n<p>Die Texte, Graphiken, Informationen und Daten auf dieser Website sind urheberrechtlich gesch\u00fctzt.<\/p>\n<p>Die Vervielf\u00e4ltigung und Verbreitung dieser Inhalte bedarf der vorherigen schriftlichen Zustimmung des jeweiligen Autors\/Inhabers, sofern nicht ausdr\u00fccklich auf die freie Verwendbarkeit hingewiesen wird.<\/p>\n<h1>Datenschutzerkl\u00e4rung<\/h1>\n<h2>Datenschutz<\/h2>\n<p>Die Betreiber dieser Seiten nehmen<br \/>\nden Schutz Ihrer pers\u00f6nlichen Daten sehr ernst. Wir behandeln Ihre personenbezogenen Daten<br \/>\nvertraulich und entsprechend der gesetzlichen Datenschutzvorschriften sowie dieser<br \/>\nDatenschutzerkl\u00e4rung.<\/p>\n<p>Die Nutzung unserer Website ist in der Regel ohne Angabe<br \/>\npersonenbezogener Daten m\u00f6glich. Soweit auf unseren Seiten personenbezogene Daten<br \/>\n(beispielsweise Name, Anschrift oder E-Mail-Adressen) erhoben werden, erfolgt dies, soweit<br \/>\nm\u00f6glich, stets auf freiwilliger Basis. Diese Daten werden ohne Ihre ausdr\u00fcckliche Zustimmung<br \/>\nnicht an Dritte weitergegeben.<\/p>\n<p>Wir weisen darauf hin, dass die Daten\u00fcbertragung im Internet<br \/>\n(z.B. bei der Kommunikation per E-Mail) Sicherheitsl\u00fccken aufweisen kann. Ein l\u00fcckenloser<br \/>\nSchutz der Daten vor dem Zugriff durch Dritte ist nicht m\u00f6glich.<\/p>\n<p>&nbsp;<\/p>\n<h2>Cookies<\/h2>\n<p>Die Internetseiten verwenden teilweise so genannte Cookies. Cookies richten auf<br \/>\nIhrem Rechner keinen Schaden an und enthalten keine Viren. Cookies dienen dazu, unser Angebot<br \/>\nnutzerfreundlicher, effektiver und sicherer zu machen. Cookies sind kleine Textdateien, die auf Ihrem<br \/>\nRechner abgelegt werden und die Ihr Browser speichert.<\/p>\n<p>Die meisten der von uns verwendeten<br \/>\nCookies sind so genannte \u201eSession-Cookies\u201c. Sie werden nach Ende Ihres Besuchs automatisch<br \/>\ngel\u00f6scht. Andere Cookies bleiben auf Ihrem Endger\u00e4t gespeichert, bis Sie diese l\u00f6schen.<br \/>\nDiese Cookies erm\u00f6glichen es uns, Ihren Browser beim n\u00e4chsten Besuch<br \/>\nwiederzuerkennen.<\/p>\n<p>Sie k\u00f6nnen Ihren Browser so einstellen, dass Sie \u00fcber das Setzen<br \/>\nvon Cookies informiert werden und Cookies nur im Einzelfall erlauben, die Annahme von Cookies f\u00fcr<br \/>\nbestimmte F\u00e4lle oder generell ausschlie\u00dfen sowie das automatische L\u00f6schen der<br \/>\nCookies beim Schlie\u00dfen des Browser aktivieren. Bei der Deaktivierung von Cookies kann die<br \/>\nFunktionalit\u00e4t dieser Website eingeschr\u00e4nkt sein.<\/p>\n<p>&nbsp;<\/p>\n<h2>Server-LogFiles<\/h2>\n<p>Der Provider der Seiten erhebt und speichert automatisch Informationen in so genannten<br \/>\nServer-Log Files, die Ihr Browser automatisch an uns \u00fcbermittelt. Dies sind:<\/p>\n<ul>\n<li>Browsertyp und Browserversion<\/li>\n<li>verwendetes Betriebssystem<\/li>\n<li>Referrer URL<\/li>\n<li>Hostname des zugreifenden Rechners<\/li>\n<li>Uhrzeit der Serveranfrage<\/li>\n<\/ul>\n<p>Diese Daten<br \/>\nsind nicht bestimmten Personen zuordenbar. Eine Zusammenf\u00fchrung dieser Daten mit anderen<br \/>\nDatenquellen wird nicht vorgenommen. Wir behalten uns vor, diese Daten nachtr\u00e4glich zu<br \/>\npr\u00fcfen, wenn uns konkrete Anhaltspunkte f\u00fcr eine rechtswidrige Nutzung bekannt<br \/>\nwerden.<\/p>\n<p>&nbsp;<\/p>\n<h2>Facebook-Plugins (Like-Button)<\/h2>\n<p>Auf unseren Seiten sind<br \/>\nPlugins des sozialen Netzwerks Facebook, Anbieter Facebook Inc., 1 Hacker Way, Menlo Park, California<br \/>\n94025, USA, integriert. Die Facebook-Plugins erkennen Sie an dem Facebook-Logo oder dem &#8222;LikeButton&#8220;<br \/>\n(&#8222;Gef\u00e4llt mir&#8220;) auf unserer Seite. Eine \u00dcbersicht \u00fcber die Facebook-Plugins<br \/>\nfinden Sie hier: <a href=\"https:\/\/developers.facebook.com\/docs\/plugins\/\" target=\"_blank\">https:\/\/developers.facebook.com\/docs\/plugins\/<\/a>.<\/p>\n<p>Wenn Sie unsere Seiten<br \/>\nbesuchen, wird \u00fcber das Plugin eine direkte Verbindung zwischen Ihrem Browser und dem<br \/>\nFacebook-Server hergestellt. Facebook erh\u00e4lt dadurch die Information, dass Sie mit Ihrer IPAdresse<br \/>\nunsere Seite besucht haben. Wenn Sie den Facebook &#8222;Like-Button&#8220; anklicken w\u00e4hrend Sie<br \/>\nin Ihrem Facebook-Account eingeloggt sind, k\u00f6nnen Sie die Inhalte unserer Seiten auf Ihrem<br \/>\nFacebook-Profil verlinken. Dadurch kann Facebook den Besuch unserer Seiten Ihrem Benutzerkonto<br \/>\nzuordnen. Wir weisen darauf hin, dass wir als Anbieter der Seiten keine Kenntnis vom Inhalt der<br \/>\n\u00fcbermittelten Daten sowie deren Nutzung durch Facebook erhalten. Weitere Informationen hierzu<br \/>\nfinden Sie in der Datenschutzerkl\u00e4rung von Facebook unter <a href=\"https:\/\/dede.facebook.com\/policy.php\" target=\"_blank\">https:\/\/de-de.facebook.com\/policy.php<\/a>.<\/p>\n<p>Wenn<br \/>\nSie nicht w\u00fcnschen, dass Facebook den Besuch unserer Seiten Ihrem Facebook-Nutzerkonto<br \/>\nzuordnen kann, loggen Sie sich bitte aus Ihrem Facebook-Benutzerkonto aus.<\/p>\n<p>&nbsp;<\/p>\n<h2>Twitter<\/h2>\n<p>Auf unseren Seiten sind Funktionen des Dienstes Twitter eingebunden. Diese<br \/>\nFunktionen werden angeboten durch die Twitter Inc., 1355 Market Street, Suite 900, San Francisco, CA<br \/>\n94103, USA. Durch das Benutzen von Twitter und der Funktion &#8222;Re-Tweet&#8220; werden die von Ihnen<br \/>\nbesuchten Websites mit Ihrem Twitter-Account verkn\u00fcpft und anderen Nutzern bekannt gegeben.<br \/>\nDabei werden auch Daten an Twitter \u00fcbertragen. Wir weisen darauf hin, dass wir als Anbieter der<br \/>\nSeiten keine Kenntnis vom Inhalt der \u00fcbermittelten Daten sowie deren Nutzung durch Twitter<br \/>\nerhalten. Weitere Informationen hierzu finden Sie in der Datenschutzerkl\u00e4rung von Twitter unter <a href=\"https:\/\/twitter.com\/privacy\" target=\"_blank\">https:\/\/twitter.com\/privacy<\/a>.<\/p>\n<p>Ihre<br \/>\nDatenschutzeinstellungen bei Twitter k\u00f6nnen Sie in den Konto-Einstellungen unter: <a href=\"https:\/\/twitter.com\/account\/settings\" target=\"_blank\">https:\/\/twitter.com\/account\/settings<\/a><br \/>\n\u00e4ndern.<\/p>\n<p>&nbsp;<\/p>\n<h2>Google+<\/h2>\n<p>Unsere Seiten nutzen Funktionen von Google+.<br \/>\nAnbieter ist die Google Inc., 1600 Amphitheatre Parkway Mountain View, CA 94043, USA.<\/p>\n<p>Erfassung und Weitergabe von Informationen: Mithilfe der Google+-Schaltfl\u00e4che k\u00f6nnen<br \/>\nSie Informationen weltweit ver\u00f6ffentlichen. \u00dcber die Google+-Schaltfl\u00e4che erhalten Sie<br \/>\nund andere Nutzer personalisierte Inhalte von Google und unseren Partnern. Google speichert sowohl die<br \/>\nInformation, dass Sie f\u00fcr einen Inhalt +1 gegeben haben, als auch Informationen \u00fcber die<br \/>\nSeite, die Sie beim Klicken auf +1 angesehen haben. Ihre +1 k\u00f6nnen als Hinweise zusammen mit<br \/>\nIhrem Profilnamen und Ihrem Foto in Google-Diensten, wie etwa in Suchergebnissen oder in Ihrem<br \/>\nGoogle-Profil, oder an anderen Stellen auf Websites und Anzeigen im Internet eingeblendet werden.<\/p>\n<p>Google zeichnet Informationen \u00fcber Ihre +1-Aktivit\u00e4ten auf, um die Google-Dienste<br \/>\nf\u00fcr Sie und andere zu verbessern. Um die Google+-Schaltfl\u00e4che verwenden zu k\u00f6nnen,<br \/>\nben\u00f6tigen Sie ein weltweit sichtbares, \u00f6ffentliches Google-Profil, das zumindest den f\u00fcr<br \/>\ndas Profil gew\u00e4hlten Namen enthalten muss. Dieser Name wird in allen Google-Diensten verwendet.<br \/>\nIn manchen F\u00e4llen kann dieser Name auch einen anderen Namen ersetzen, den Sie beim Teilen<br \/>\nvon Inhalten \u00fcber Ihr Google-Konto verwendet haben. Die Identit\u00e4t Ihres Google-Profils kann<br \/>\nNutzern angezeigt werden, die Ihre E-Mail-Adresse kennen oder \u00fcber andere identifizierende<br \/>\nInformationen von Ihnen verf\u00fcgen.<\/p>\n<p>Verwendung der erfassten Informationen: Neben den<br \/>\noben erl\u00e4uterten Verwendungszwecken werden die von Ihnen bereitgestellten Informationen<br \/>\ngem\u00e4\u00df den geltenden Google-Datenschutzbestimmungen genutzt. Google ver\u00f6ffentlicht<br \/>\nm\u00f6glicherweise zusammengefasste Statistiken \u00fcber die +1-Aktivit\u00e4ten der Nutzer bzw.<br \/>\ngibt diese an Nutzer und Partner weiter, wie etwa Publisher, Inserenten oder verbundene<br \/>\nWebsites.<\/p>\n<h2> Verwendung von Webfonts <\/h2>\n<p>Auf diesen Internetseiten werden externe Schriften, Google Fonts verwendet. Google Fonts ist ein Dienst der Google Inc. (&#8222;Google&#8220;). Die Einbindung dieser Web Fonts erfolgt durch einen Serveraufruf, in der Regel ein Server von Google in den USA. Hierdurch wird an den Server \u00fcbermittelt, welche unserer Internetseiten Sie besucht haben. Auch wird die IP-Adresse des Browsers des Endger\u00e4tes des Besuchers dieser Internetseiten von Google gespeichert. N\u00e4here Informationen finden Sie in den Datenschutzhinweisen von Google, die Sie hier abrufen k\u00f6nnen:<br \/>\nwww.google.com\/fonts#AboutPlace:about<br \/>\nwww.google.com\/policies\/privacy\/<\/p>\n<p>&nbsp;<\/p>\n<h2>YouTube<\/h2>\n<p>Unsere Website nutzt Plugins der von Google<br \/>\nbetriebenen Seite YouTube. Betreiber der Seiten ist die YouTube, LLC, 901 Cherry Ave., San Bruno, CA<br \/>\n94066, USA. Wenn Sie eine unserer mit einem YouTube-Plugin ausgestatteten Seiten besuchen, wird<br \/>\neine Verbindung zu den Servern von YouTube hergestellt. Dabei wird dem Youtube-Server mitgeteilt,<br \/>\nwelche unserer Seiten Sie besucht haben.<\/p>\n<p>Wenn Sie in Ihrem YouTube-Account eingeloggt sind<br \/>\nerm\u00f6glichen Sie YouTube, Ihr Surfverhalten direkt Ihrem pers\u00f6nlichen Profil zuzuordnen. Dies<br \/>\nk\u00f6nnen Sie verhindern, indem Sie sich aus Ihrem YouTube-Account ausloggen.<\/p>\n<p>Weitere<br \/>\nInformationen zum Umgang von Nutzerdaten finden Sie in der Datenschutzerkl\u00e4rung von YouTube<br \/>\nunter: <a href=\"https:\/\/www.google.de\/intl\/de\/policies\/privacy\" target=\"_blank\">https:\/\/www.google.de\/intl\/de\/policies\/privacy<\/a><\/p>\n<p>&nbsp;<\/p>\n<h2>Kommentarfunktion auf dieser Website<\/h2>\n<p>F\u00fcr die Kommentarfunktion auf dieser Seite<br \/>\nwerden neben Ihrem Kommentar auch Angaben zum Zeitpunkt der Erstellung des Kommentars, Ihre EMail-Adresse<br \/>\nund, wenn Sie nicht anonym posten, der von Ihnen gew\u00e4hlte Nutzername<br \/>\ngespeichert.<\/p>\n<p><strong>Speicherung der IP Adresse<\/strong><\/p>\n<p>Unsere Kommentarfunktion<br \/>\nspeichert die IP-Adressen der Nutzer, die Kommentare verfassen. Da wir Kommentare auf unserer Seite<br \/>\nnicht vor der Freischaltung pr\u00fcfen, ben\u00f6tigen wir diese Daten, um im Falle von<br \/>\nRechtsverletzungen wie Beleidigungen oder Propaganda gegen den Verfasser vorgehen zu<br \/>\nk\u00f6nnen.<\/p>\n<p>&nbsp;<\/p>\n<h2>SSL-Verschl\u00fcsselung<\/h2>\n<p>Diese Seite nutzt aus<br \/>\nGr\u00fcnden der Sicherheit und zum Schutz der \u00dcbertragung vertraulicher Inhalte, wie zum<br \/>\nBeispiel der Anfragen, die Sie an uns als Seitenbetreiber senden, eine SSL-Verschl\u00fcsselung. Eine<br \/>\nverschl\u00fcsselte Verbindung erkennen Sie daran, dass die Adresszeile des Browsers von<br \/>\n&#8222;http:\/\/&#8220; auf &#8222;https:\/\/&#8220; wechselt und an dem Schloss-Symbol in Ihrer<br \/>\nBrowserzeile.<\/p>\n<p>Wenn die SSL Verschl\u00fcsselung aktiviert ist, k\u00f6nnen die Daten, die Sie<br \/>\nan uns \u00fcbermitteln, nicht von Dritten mitgelesen werden.<\/p>\n<p>&nbsp;<\/p>\n<h2>Recht auf<br \/>\nAuskunft, L\u00f6schung, Sperrung<\/h2>\n<p>Sie haben jederzeit das Recht auf unentgeltliche Auskunft<br \/>\n\u00fcber Ihre gespeicherten personenbezogenen Daten, deren Herkunft und Empf\u00e4nger und den<br \/>\nZweck der Datenverarbeitung sowie ein Recht auf Berichtigung, Sperrung oder L\u00f6schung dieser<br \/>\nDaten. Hierzu sowie zu weiteren Fragen zum Thema personenbezogene Daten k\u00f6nnen Sie sich<br \/>\njederzeit unter der im Impressum angegebenen Adresse an uns wenden.<\/p>\n<p>&nbsp;<\/p>\n<p>Quelle:<br \/>\n<a href=\"https:\/\/www.e-recht24.de\/muster-datenschutzerklaerung.html\">https:\/\/www.e-recht24.de\/musterdatenschutzerklaerung.html<\/a><\/p>\n","protected":false},"excerpt":{"rendered":"<p>(Ich bin NICHT der Filmemacher! Sie k\u00f6nnen Ihn \u00fcber diesen Kontakt nicht errreichen!) Impressum Angaben gem\u00e4\u00df \u00a7 5 TMG: Andreas Dresen Herrenbergstr. 26 52080 Aachen Kontakt: E-Mail: info@andreas-dresen.de Verantwortlich f\u00fcr den Inhalt nach \u00a7 55 Abs. 2 RStV: Andreas Dresen &hellip; <a href=\"https:\/\/www.andreas-dresen.de\/wordpress\/?page_id=45\">Weiterlesen <span class=\"meta-nav\">&rarr;<\/span><\/a><\/p>\n","protected":false},"author":1,"featured_media":0,"parent":0,"menu_order":0,"comment_status":"open","ping_status":"open","template":"","meta":{"ngg_post_thumbnail":0},"_links":{"self":[{"href":"https:\/\/www.andreas-dresen.de\/wordpress\/index.php?rest_route=\/wp\/v2\/pages\/45"}],"collection":[{"href":"https:\/\/www.andreas-dresen.de\/wordpress\/index.php?rest_route=\/wp\/v2\/pages"}],"about":[{"href":"https:\/\/www.andreas-dresen.de\/wordpress\/index.php?rest_route=\/wp\/v2\/types\/page"}],"author":[{"embeddable":true,"href":"https:\/\/www.andreas-dresen.de\/wordpress\/index.php?rest_route=\/wp\/v2\/users\/1"}],"replies":[{"embeddable":true,"href":"https:\/\/www.andreas-dresen.de\/wordpress\/index.php?rest_route=%2Fwp%2Fv2%2Fcomments&post=45"}],"version-history":[{"count":14,"href":"https:\/\/www.andreas-dresen.de\/wordpress\/index.php?rest_route=\/wp\/v2\/pages\/45\/revisions"}],"predecessor-version":[{"id":49,"href":"https:\/\/www.andreas-dresen.de\/wordpress\/index.php?rest_route=\/wp\/v2\/pages\/45\/revisions\/49"}],"wp:attachment":[{"href":"https:\/\/www.andreas-dresen.de\/wordpress\/index.php?rest_route=%2Fwp%2Fv2%2Fmedia&parent=45"}],"curies":[{"name":"wp","href":"https:\/\/api.w.org\/{rel}","templated":true}]}}