{"id":423,"date":"2012-01-23T10:24:34","date_gmt":"2012-01-23T08:24:34","guid":{"rendered":"http:\/\/www.andreas-dresen.de\/wordpress\/?page_id=423"},"modified":"2012-12-07T08:51:14","modified_gmt":"2012-12-07T06:51:14","slug":"das-buch-des-huters","status":"publish","type":"page","link":"https:\/\/www.andreas-dresen.de\/wordpress\/?page_id=423","title":{"rendered":"Das Buch des H\u00fcters"},"content":{"rendered":"<p>&nbsp;<\/p>\n<h2>\n<div id=\"attachment_549\" style=\"width: 222px\" class=\"wp-caption alignleft\"><a href=\"http:\/\/amzn.to\/TL1WcR\"><img aria-describedby=\"caption-attachment-549\" decoding=\"async\" loading=\"lazy\" class=\"size-medium wp-image-549\" title=\"Das Buch des H\u00fcters Cover\" src=\"https:\/\/www.andreas-dresen.de\/wordpress\/wp-content\/uploads\/2012\/03\/9783862820535-212x300.jpg\" alt=\"Das Buch des H\u00fcters Cover\" width=\"212\" height=\"300\" \/><\/a><p id=\"caption-attachment-549\" class=\"wp-caption-text\">Das Buch des H\u00fcters Cover<\/p><\/div>\n<p>Das Buch des H\u00fcters<\/h2>\n<p>\u201eKommando 9. August. Wir befreien Sie vom Diktat des Stroms und der Herrschaft des Computers. Leben Sie nat\u00fcrlich.\u201c<br \/>\nDiese S\u00e4tze leiten das Ende der uns bekannten Welt ein: Als radikale Umweltsch\u00fctzer die gesamte Stromversorgung zum Erliegen bringen, bedeutet dies eine Katastrophe f\u00fcr die Menschheit: Atomkraftwerke explodieren, Tiere beginnen sich gegen die Menschen zu richten und die Natur erobert die Erde zur\u00fcck.<\/p>\n<p>Hundert Jahre sp\u00e4ter fristen die Bewohner des industriellen Nordens ihr Leben in einer grauen Stadt voller Maschinen und Fabriken, w\u00e4hrend in der mittelalterlichen Gesellschaft von Pan\u00e4a, dem verfeindeten S\u00fcden des Landes, alle technologischen Neuerungen verboten sind.<\/p>\n<p>In dieser Welt bekommt Pejo, ein junger Mann aus dem Norden, auf einer Expedition in den S\u00fcden ein geheimnisvolles Buch von einem sterbenden M\u00e4dchen anvertraut.<br \/>\nSchnell stellt Pejo fest, dass die M\u00e4chtigen sowohl im Norden als auch im S\u00fcden des Landes alles daran setzen w\u00fcrden, in den Besitz dieses Schriftst\u00fcckes zu gelangen, und dass er zwischen die Fronten eines alten Krieges geraten ist.<br \/>\nAuf seinem Weg durch den S\u00fcden, auf dem er Heilerinnen, Mutanten und gef\u00e4hrlichen \u201eViechern\u201c begegnet, muss er nicht nur Gefahren trotzen, sondern sich auch der Vergangenheit seines Landes und seinen eigenen Gef\u00fchlen stellen \u2013 denn nur so kann er am Ende die richtige Entscheidung treffen.<\/p>\n<p><a title=\"Leseprobe Das Buch des H\u00fcters\" href=\"http:\/\/www.acabus-verlag.de\/das_buch_des_hueters\/leseprobe.htm\" target=\"_blank\">Leseprobe<\/a><\/p>\n<p>&nbsp;<\/p>\n<p>&nbsp;<\/p>\n","protected":false},"excerpt":{"rendered":"<p>&nbsp; Das Buch des H\u00fcters \u201eKommando 9. August. Wir befreien Sie vom Diktat des Stroms und der Herrschaft des Computers. Leben Sie nat\u00fcrlich.\u201c Diese S\u00e4tze leiten das Ende der uns bekannten Welt ein: Als radikale Umweltsch\u00fctzer die gesamte Stromversorgung zum &hellip; <a href=\"https:\/\/www.andreas-dresen.de\/wordpress\/?page_id=423\">Weiterlesen <span class=\"meta-nav\">&rarr;<\/span><\/a><\/p>\n","protected":false},"author":1,"featured_media":0,"parent":190,"menu_order":0,"comment_status":"open","ping_status":"open","template":"","meta":{"ngg_post_thumbnail":0},"_links":{"self":[{"href":"https:\/\/www.andreas-dresen.de\/wordpress\/index.php?rest_route=\/wp\/v2\/pages\/423"}],"collection":[{"href":"https:\/\/www.andreas-dresen.de\/wordpress\/index.php?rest_route=\/wp\/v2\/pages"}],"about":[{"href":"https:\/\/www.andreas-dresen.de\/wordpress\/index.php?rest_route=\/wp\/v2\/types\/page"}],"author":[{"embeddable":true,"href":"https:\/\/www.andreas-dresen.de\/wordpress\/index.php?rest_route=\/wp\/v2\/users\/1"}],"replies":[{"embeddable":true,"href":"https:\/\/www.andreas-dresen.de\/wordpress\/index.php?rest_route=%2Fwp%2Fv2%2Fcomments&post=423"}],"version-history":[{"count":5,"href":"https:\/\/www.andreas-dresen.de\/wordpress\/index.php?rest_route=\/wp\/v2\/pages\/423\/revisions"}],"predecessor-version":[{"id":660,"href":"https:\/\/www.andreas-dresen.de\/wordpress\/index.php?rest_route=\/wp\/v2\/pages\/423\/revisions\/660"}],"up":[{"embeddable":true,"href":"https:\/\/www.andreas-dresen.de\/wordpress\/index.php?rest_route=\/wp\/v2\/pages\/190"}],"wp:attachment":[{"href":"https:\/\/www.andreas-dresen.de\/wordpress\/index.php?rest_route=%2Fwp%2Fv2%2Fmedia&parent=423"}],"curies":[{"name":"wp","href":"https:\/\/api.w.org\/{rel}","templated":true}]}}