{"id":302,"date":"2011-09-23T16:48:15","date_gmt":"2011-09-23T14:48:15","guid":{"rendered":"http:\/\/www.andreas-dresen.de\/wordpress\/?page_id=302"},"modified":"2011-10-17T14:21:28","modified_gmt":"2011-10-17T12:21:28","slug":"302-2","status":"publish","type":"page","link":"https:\/\/www.andreas-dresen.de\/wordpress\/?page_id=302","title":{"rendered":"Freitr\u00e4umer"},"content":{"rendered":"<p>&nbsp;<\/p>\n<p><img decoding=\"async\" loading=\"lazy\" class=\"aligncenter\" title=\"Freitr\u00e4umer\" src=\"http:\/\/ecx.images-amazon.com\/images\/I\/51JCBKB67nL._SL500_AA278_PIkin4,BottomRight,-19,22_AA300_SH20_OU03_.jpg\" alt=\"\" width=\"300\" height=\"300\" \/><\/p>\n<p style=\"text-align: center;\">Erh\u00e4ltlich bei<\/p>\n<p style=\"text-align: center;\"><a href=\"http:\/\/amzn.to\/oD6diV\">Amazon<\/a><\/p>\n<p>&nbsp;<\/p>\n<p style=\"text-align: center;\">Freitr\u00e4umer \u2013 Was ist wichtiger im Leben? Karriere und das gro\u00dfe Geld, oder die Verwirklichung seiner Tr\u00e4ume? Jonathan Paulus, aufstrebender Ministerialbeamter, erh\u00e4lt endlich seine gro\u00dfe Chance! Im Auftrag des Ministers begibt er sich an Bord des exklusiven Kreuzfahrtschiffs \u201cSanfte Tr\u00e4ume\u201d und damit auf eine Reise in eine unbekannte und unerforschte Welt. Denn Josef McNamarra, Selfmade-Million\u00e4r und Besitzer des Schiffs, hat drei Langstreckentr\u00e4umer engagiert, die den Passagieren einen individuellen Ausflug in ihre eigenen Tr\u00e4ume erm\u00f6glichen sollen. Als jedoch ein krimineller Freitr\u00e4umer an Bord entdeckt wird, beginnt die Lage zu eskalieren.In der \u00fcberschaubaren Gemeinschaft der First-Class Passagiere muss sich der Beamte Paulus in einer Atmosph\u00e4re behaupten, die gepr\u00e4gt ist von Verschwendungssucht, Korruption und Manipulation, und er beginnt, sein eigenes Leben mit anderen Augen zu sehen.<\/p>\n<p style=\"text-align: center;\">Anzahl Zeichen: 81.789<br \/>\nLeseprobe:\u201dSchiffskatastrophe! Kreuzfahrtschiff mit Mann und Maus verschwunden! Schiffskatastrophe! \u00dcber 200 Menschen vermisst!\u201dDer Zeitungsjunge hatte ein B\u00fcndel d\u00fcnner, frisch gedruckter Zeitungen auf dem Arm, als er am Kai auf und ab ging.\u201dHe, Junge!\u201d Jonathan Paulus winkte dem Verk\u00e4ufer mit der Hand, der daraufhin zu ihm gelaufen kam.Herr Paulus nahm sich eine Zeitung von dessen Arm und gab ihm eine M\u00fcnze. Doch anstatt die Schlagzeilen zu \u00fcberfliegen, rollte er die d\u00fcnne Zeitung und klemmte sie sich unter den Arm. Er musste sich beeilen. Er hasste er, zu sp\u00e4t zu kommen. Kurz \u00fcberpr\u00fcfte er den Sitz seines Anzugs, dann nahm seinen kleinen Handkoffer und betrat gut gelaunt den Laufsteg, der ihn an Bord der \u201cSanfte Tr\u00e4ume\u201d brachte.Der Kapit\u00e4n des Kreuzfahrtschiffes erwartete ihn bereits an der Reling. Herr Paulus l\u00fcftete kurz seinen Hut woraufhin der Kapit\u00e4n die Hand zum Gru\u00df an seine M\u00fctze hob.\u201dHerr Paulus, nehme ich an\u201c, sagte der gro\u00dfe, blonde Seefahrer. Er l\u00e4chelte.Jonathan Paulus nickte kurz und l\u00e4chelte zur\u00fcck. War es ihm bereits von weitem anzusehen, dass er nur ein Ministerialbeamter war? Oder sah man bereits auf den ersten Blick, dass er nicht das gleiche finanzielle Format hatte, wie die anderen G\u00e4ste?\u201dMein Name ist Adrians Hofmeister, ich bin ihr Kapit\u00e4n f\u00fcr die n\u00e4chsten sieben Tage. Mit ihnen sind die Passagiere der ersten Klasse nun fast vollst\u00e4ndig. Sobald alle an Bord sind, k\u00f6nnen wir ablegen.\u201c<br \/>\nPaulus gab einem Steward seinen Koffer und schlenderte ein wenig \u00fcbers Deck. Die \u201cSanfte Tr\u00e4ume\u201d schaukelte leicht unter seinen F\u00fc\u00dfen, er h\u00f6rte das Wasser des Hafens an die Bordwand schwappen.Das Schiff war den Kreuzfahrtschiffen des sp\u00e4ten 19. Jahrhunderts nachempfunden. Das polierte Holz des gro\u00dfen Oberdecks, das nur den Passagieren der ersten Klasse vorbehalten war, gl\u00e4nzte in der Nachmittagssonne. Drei Masten \u00fcberragten das Schiff, die Segel waren gespannt und bauschten sich in der leichten Brise auf.Doch zwischen den Masten, in der Mitte des Schiffes, gerade \u00fcber dem Antriebsraum, ragte ein Schornstein in den Himmel. Paulus rief einen Steward herbei. Der Junge in der strengen wei\u00dfen Uniform, kam seiner knappen Handbewegung sofort nach.\u201dJunge, wozu ist der Schornstein. wir werden doch wohl kaum auf Kohle fahren, oder?\u201d Jonathan Paulus lachte \u00fcber seinen eigenen Witz.\u201dNein, mein Herr. \u201d Der Steward sch\u00fcttelte den Kopf. \u201cDas ist der Traumverst\u00e4rker.\u201c<\/p>\n<p style=\"text-align: center;\">Erh\u00e4ltlich bei<\/p>\n<p style=\"text-align: center;\"><a href=\"http:\/\/amzn.to\/oD6diV\">Amazon<\/a><\/p>\n<p style=\"text-align: center;\"><a href=\"http:\/\/amzn.to\/oD6diV\"><\/a>Preis 99 Cent<\/p>\n<p>&nbsp;<\/p>\n","protected":false},"excerpt":{"rendered":"<p>&nbsp; Erh\u00e4ltlich bei Amazon &nbsp; Freitr\u00e4umer \u2013 Was ist wichtiger im Leben? Karriere und das gro\u00dfe Geld, oder die Verwirklichung seiner Tr\u00e4ume? Jonathan Paulus, aufstrebender Ministerialbeamter, erh\u00e4lt endlich seine gro\u00dfe Chance! Im Auftrag des Ministers begibt er sich an Bord &hellip; <a href=\"https:\/\/www.andreas-dresen.de\/wordpress\/?page_id=302\">Weiterlesen <span class=\"meta-nav\">&rarr;<\/span><\/a><\/p>\n","protected":false},"author":1,"featured_media":0,"parent":285,"menu_order":0,"comment_status":"open","ping_status":"open","template":"","meta":{"ngg_post_thumbnail":0},"_links":{"self":[{"href":"https:\/\/www.andreas-dresen.de\/wordpress\/index.php?rest_route=\/wp\/v2\/pages\/302"}],"collection":[{"href":"https:\/\/www.andreas-dresen.de\/wordpress\/index.php?rest_route=\/wp\/v2\/pages"}],"about":[{"href":"https:\/\/www.andreas-dresen.de\/wordpress\/index.php?rest_route=\/wp\/v2\/types\/page"}],"author":[{"embeddable":true,"href":"https:\/\/www.andreas-dresen.de\/wordpress\/index.php?rest_route=\/wp\/v2\/users\/1"}],"replies":[{"embeddable":true,"href":"https:\/\/www.andreas-dresen.de\/wordpress\/index.php?rest_route=%2Fwp%2Fv2%2Fcomments&post=302"}],"version-history":[{"count":5,"href":"https:\/\/www.andreas-dresen.de\/wordpress\/index.php?rest_route=\/wp\/v2\/pages\/302\/revisions"}],"predecessor-version":[{"id":329,"href":"https:\/\/www.andreas-dresen.de\/wordpress\/index.php?rest_route=\/wp\/v2\/pages\/302\/revisions\/329"}],"up":[{"embeddable":true,"href":"https:\/\/www.andreas-dresen.de\/wordpress\/index.php?rest_route=\/wp\/v2\/pages\/285"}],"wp:attachment":[{"href":"https:\/\/www.andreas-dresen.de\/wordpress\/index.php?rest_route=%2Fwp%2Fv2%2Fmedia&parent=302"}],"curies":[{"name":"wp","href":"https:\/\/api.w.org\/{rel}","templated":true}]}}