{"id":291,"date":"2011-09-23T16:42:08","date_gmt":"2011-09-23T14:42:08","guid":{"rendered":"http:\/\/www.andreas-dresen.de\/wordpress\/?page_id=291"},"modified":"2012-12-14T11:08:09","modified_gmt":"2012-12-14T09:08:09","slug":"under-a-liquid-sky","status":"publish","type":"page","link":"https:\/\/www.andreas-dresen.de\/wordpress\/?page_id=291","title":{"rendered":"Under A Liquid Sky"},"content":{"rendered":"<p><span style=\"color: #000000;\"><strong><br \/>\n<\/strong><\/span><\/p>\n<div id=\"attachment_68\"><a href=\"http:\/\/www.amazon.de\/Liquid-Phantastische-Geschichten-epospresse-Verlag-ebook\/dp\/B004YXME5I\/ref=as_li_tf_cw?&amp;linkCode=waf&amp;tag=wwwandreasdre-21\"><img decoding=\"async\" loading=\"lazy\" class=\"aligncenter\" title=\"Cover_UALS\" src=\"https:\/\/www.andreas-dresen.de\/wordpress\/wp-content\/uploads\/2011\/04\/Cover_UALS.jpeg\" alt=\"Under A Liquid Sky\" width=\"144\" height=\"210\" \/><\/a>&nbsp;<\/p>\n<p style=\"text-align: center;\">Under A Liquid Sky<\/p>\n<\/div>\n<blockquote><p>UNDER A LIQUID SKY \u2013 Phantastische Kurzgeschichten und Gedichte. Von der Zeitreise im Bahnhof \u00fcber die Ahnengalerie eines Androiden bis zum Leben nach dem Tod. Reisen Sie mit uns auf den Meeresboden oder in die nahe Zukunft, wenn die erstgeborenen Kinder dem Staat geh\u00f6ren. Lassen Sie sich von den mentalen F\u00e4higkeiten eines Goldfisches \u00fcberzeugen und freuen Sie sich auf \u201cDie Besucher\u201d. ANDREAS DRESEN \u2013 1975 in Aachen geboren, verbindet in diesem Band Geschichten aus dem Genre der Phantastik mit den Fragen der Moral, der Religion und einfachen Tr\u00e4umen.<\/p><\/blockquote>\n<p style=\"text-align: center;\"><a href=\"http:\/\/www.amazon.de\/Liquid-Phantastische-Geschichten-epospresse-Verlag-ebook\/dp\/B004YXME5I\/ref=as_li_tf_cw?&amp;linkCode=waf&amp;tag=wwwandreasdre-21\">Amazon<\/a><\/p>\n<p style=\"text-align: center;\">&nbsp;<\/p>\n<p>&nbsp;<\/p>\n","protected":false},"excerpt":{"rendered":"<p>&nbsp; Under A Liquid Sky UNDER A LIQUID SKY \u2013 Phantastische Kurzgeschichten und Gedichte. Von der Zeitreise im Bahnhof \u00fcber die Ahnengalerie eines Androiden bis zum Leben nach dem Tod. Reisen Sie mit uns auf den Meeresboden oder in die &hellip; <a href=\"https:\/\/www.andreas-dresen.de\/wordpress\/?page_id=291\">Weiterlesen <span class=\"meta-nav\">&rarr;<\/span><\/a><\/p>\n","protected":false},"author":1,"featured_media":0,"parent":285,"menu_order":0,"comment_status":"open","ping_status":"open","template":"","meta":{"ngg_post_thumbnail":0},"_links":{"self":[{"href":"https:\/\/www.andreas-dresen.de\/wordpress\/index.php?rest_route=\/wp\/v2\/pages\/291"}],"collection":[{"href":"https:\/\/www.andreas-dresen.de\/wordpress\/index.php?rest_route=\/wp\/v2\/pages"}],"about":[{"href":"https:\/\/www.andreas-dresen.de\/wordpress\/index.php?rest_route=\/wp\/v2\/types\/page"}],"author":[{"embeddable":true,"href":"https:\/\/www.andreas-dresen.de\/wordpress\/index.php?rest_route=\/wp\/v2\/users\/1"}],"replies":[{"embeddable":true,"href":"https:\/\/www.andreas-dresen.de\/wordpress\/index.php?rest_route=%2Fwp%2Fv2%2Fcomments&post=291"}],"version-history":[{"count":6,"href":"https:\/\/www.andreas-dresen.de\/wordpress\/index.php?rest_route=\/wp\/v2\/pages\/291\/revisions"}],"predecessor-version":[{"id":693,"href":"https:\/\/www.andreas-dresen.de\/wordpress\/index.php?rest_route=\/wp\/v2\/pages\/291\/revisions\/693"}],"up":[{"embeddable":true,"href":"https:\/\/www.andreas-dresen.de\/wordpress\/index.php?rest_route=\/wp\/v2\/pages\/285"}],"wp:attachment":[{"href":"https:\/\/www.andreas-dresen.de\/wordpress\/index.php?rest_route=%2Fwp%2Fv2%2Fmedia&parent=291"}],"curies":[{"name":"wp","href":"https:\/\/api.w.org\/{rel}","templated":true}]}}