{"id":1999,"date":"2018-08-15T13:46:14","date_gmt":"2018-08-15T11:46:14","guid":{"rendered":"http:\/\/www.andreas-dresen.de\/wordpress\/?page_id=1999"},"modified":"2018-08-15T13:46:14","modified_gmt":"2018-08-15T11:46:14","slug":"leseprobe-das-geheimnis-der-boreas-oase","status":"publish","type":"page","link":"https:\/\/www.andreas-dresen.de\/wordpress\/?page_id=1999","title":{"rendered":"Leseprobe: Das Geheimnis der Boreas-Oase"},"content":{"rendered":"<p><strong>Leseprobe:<\/strong><\/p>\n<p>\u201eDie erste Grabkammer\u201c, sagte Schnitzler mit eisiger Stimme. Und ich ahnte, warum sie so hie\u00df. An der gegen\u00fcberliegenden Wand waren dutzende wei\u00dfe, h\u00f6lzerne Kreuze aufgestellt, die sich scharf gegen die schwarze Wand abzeichneten. \u201eHier haben wir mehr als die H\u00e4lfte unserer Gruppe verloren. Professor Lang war nicht darauf gefasst gewesen, so schnell reagieren zu m\u00fcssen. Doch kaum hatten die Maschinen diese Wand durchsto\u00dfen, hatten die Flugkraken uns auch schon angegriffen. Professor Lang sagte, sie mussten seit Jahrhunderten hier unten<br \/>\neingesperrt gewesen sein, und doch waren sie so aktiv, dass sie direkt und ohne zu z\u00f6gern \u00fcber uns herfielen. Die wenigen Minuten, die Professor Lang brauchte, um das Amulett zu aktivieren, den Bannspruch zu suchen und zu nutzen, waren zu lang f\u00fcr einen Gro\u00dfteil der Mannschaft. Hilflos wurden wir durch die G\u00e4nge gejagt, ohne M\u00f6glichkeit, zu fliehen. Die Tentakel der Monster rissen die anderen einfach auseinander. Ich habe einfach nur Gl\u00fcck gehabt. Professor Lang hat sie nun gebannt und jeder von uns tr\u00e4gt ein Amulett.\u201c Vorsichtig streichelte er \u00fcber den silbernen Anh\u00e4nger. \u201eAber sobald man nicht aufpasst &#8230; man muss immer wachsam sein. Wir haben sie nicht besiegt, sondern nur aufgehalten. Sie warten auf ihre Chance, nutzen unsere Schwachpunkte.\u201c Er sah mich d\u00fcster an. \u201eDiese Expedition ist ein Himmelfahrtskommando und jeder Schacht, den wir in den Fels getrieben haben, ein Massengrab. Doch Professor Lang ist wie besessen. Er hat alle unsere Bedenken beiseite gewischt. Wenn SS-Obersturmbannf\u00fchrer Schwarzkopf nicht f\u00fcr seine Sicherheit sorgen w\u00fcrde &#8230; ich sage Ihnen, wir h\u00e4tten schon l\u00e4ngst abgebrochen.\u201c Er seufzte. \u201eDoch daf\u00fcr ist es nun zu sp\u00e4t, bef\u00fcrchte ich.\u201c<br \/>\nMir grauste vor dem, was Schnitzler mir noch erz\u00e4hlen mochte. Ich wollte es lieber nicht wissen, ich hatte Angst vor den Entdeckungen, die Professor Lang hier unter dem Eis ausgegraben hatte. Auf der anderen Seite aber sp\u00fcrte ich diese Spannung, endlich etwas zu erleben, von dem ich in den B\u00fcchern in Arkham nur gelesen hatte. Flugkraken! Mein Gott, dachte ich. Wenn es Flugkraken gibt, dann wird es auch die anderen Wesen geben!<br \/>\n\u201eWir haben den See des Gro\u00dfen Alten entdeckt\u201c, sagte Schnitzler. In seinem Ton klang kein Triumph \u00fcber diese bergm\u00e4nnische und wissenschaftliche Meisterleistung. Nein, nur Reue und endlose Angst h\u00f6rte ich aus seinen Worten. Aufgeregt fasste ich ihn an der Schulter. \u201eBringen Sie mich hin.\u201c<br \/>\n\u201eUnd dann?\u201c \u201eBereiten wir dem Spuk ein Ende.\u201c<\/p>\n<p><a href=\"http:\/\/bit.ly\/boreasoase\">Das Geheimnis der Boreas-Oase<\/a><\/p>\n<p>&nbsp;<\/p>\n","protected":false},"excerpt":{"rendered":"<p>Leseprobe: \u201eDie erste Grabkammer\u201c, sagte Schnitzler mit eisiger Stimme. Und ich ahnte, warum sie so hie\u00df. An der gegen\u00fcberliegenden Wand waren dutzende wei\u00dfe, h\u00f6lzerne Kreuze aufgestellt, die sich scharf gegen die schwarze Wand abzeichneten. \u201eHier haben wir mehr als die &hellip; <a href=\"https:\/\/www.andreas-dresen.de\/wordpress\/?page_id=1999\">Weiterlesen <span class=\"meta-nav\">&rarr;<\/span><\/a><\/p>\n","protected":false},"author":3,"featured_media":0,"parent":315,"menu_order":0,"comment_status":"closed","ping_status":"closed","template":"","meta":{"ngg_post_thumbnail":0},"_links":{"self":[{"href":"https:\/\/www.andreas-dresen.de\/wordpress\/index.php?rest_route=\/wp\/v2\/pages\/1999"}],"collection":[{"href":"https:\/\/www.andreas-dresen.de\/wordpress\/index.php?rest_route=\/wp\/v2\/pages"}],"about":[{"href":"https:\/\/www.andreas-dresen.de\/wordpress\/index.php?rest_route=\/wp\/v2\/types\/page"}],"author":[{"embeddable":true,"href":"https:\/\/www.andreas-dresen.de\/wordpress\/index.php?rest_route=\/wp\/v2\/users\/3"}],"replies":[{"embeddable":true,"href":"https:\/\/www.andreas-dresen.de\/wordpress\/index.php?rest_route=%2Fwp%2Fv2%2Fcomments&post=1999"}],"version-history":[{"count":1,"href":"https:\/\/www.andreas-dresen.de\/wordpress\/index.php?rest_route=\/wp\/v2\/pages\/1999\/revisions"}],"predecessor-version":[{"id":2000,"href":"https:\/\/www.andreas-dresen.de\/wordpress\/index.php?rest_route=\/wp\/v2\/pages\/1999\/revisions\/2000"}],"up":[{"embeddable":true,"href":"https:\/\/www.andreas-dresen.de\/wordpress\/index.php?rest_route=\/wp\/v2\/pages\/315"}],"wp:attachment":[{"href":"https:\/\/www.andreas-dresen.de\/wordpress\/index.php?rest_route=%2Fwp%2Fv2%2Fmedia&parent=1999"}],"curies":[{"name":"wp","href":"https:\/\/api.w.org\/{rel}","templated":true}]}}