{"id":1926,"date":"2016-09-15T14:23:10","date_gmt":"2016-09-15T12:23:10","guid":{"rendered":"http:\/\/www.andreas-dresen.de\/wordpress\/?page_id=1926"},"modified":"2018-08-28T11:17:55","modified_gmt":"2018-08-28T09:17:55","slug":"sommer-in-der-stadt","status":"publish","type":"page","link":"https:\/\/www.andreas-dresen.de\/wordpress\/?page_id=1926","title":{"rendered":"Sommer in der Stadt"},"content":{"rendered":"<p><strong>Sommer in der Stadt<\/strong><\/p>\n<p>Kinder schreien<br \/>\nzwischen den B\u00e4umen<br \/>\nmachen Krach<br \/>\nim Schatten,<br \/>\nund tr\u00e4umen<br \/>\nvon Sand<br \/>\nund von Meer<br \/>\nund baden im Bach,<br \/>\nder das Wasser<br \/>\naus der Kl\u00e4ranlage f\u00fchrt.<\/p>\n<p><a href=\"https:\/\/www.andreas-dresen.de\/wordpress\/wp-content\/uploads\/2016\/09\/gedicht_sommerstadt.jpg\"><img decoding=\"async\" loading=\"lazy\" class=\"alignleft wp-image-2010 size-medium\" src=\"https:\/\/www.andreas-dresen.de\/wordpress\/wp-content\/uploads\/2018\/08\/40234492_711110115918431_8684144712522661888_n-300x300.jpg\" alt=\"\" width=\"300\" height=\"300\" srcset=\"https:\/\/www.andreas-dresen.de\/wordpress\/wp-content\/uploads\/2018\/08\/40234492_711110115918431_8684144712522661888_n-300x300.jpg 300w, https:\/\/www.andreas-dresen.de\/wordpress\/wp-content\/uploads\/2018\/08\/40234492_711110115918431_8684144712522661888_n-150x150.jpg 150w, https:\/\/www.andreas-dresen.de\/wordpress\/wp-content\/uploads\/2018\/08\/40234492_711110115918431_8684144712522661888_n-768x769.jpg 768w, https:\/\/www.andreas-dresen.de\/wordpress\/wp-content\/uploads\/2018\/08\/40234492_711110115918431_8684144712522661888_n-1024x1024.jpg 1024w, https:\/\/www.andreas-dresen.de\/wordpress\/wp-content\/uploads\/2018\/08\/40234492_711110115918431_8684144712522661888_n.jpg 1279w\" sizes=\"(max-width: 300px) 100vw, 300px\" \/><\/a><\/p>\n<p>Mir geht es gut<br \/>\nauch wenn<br \/>\ndie Kollegen sagen<br \/>\nich s\u00e4he geknickt aus.<br \/>\nBestimmt die Frisur!<br \/>\nBei dieser Hitze<br \/>\nh\u00e4lt ja nix. Auch<br \/>\nnicht<br \/>\nder eingezogene Bauch<br \/>\nin einer Herde<br \/>\nvor\u00fcbertreibender<br \/>\nHotPants.<\/p>\n<p>&nbsp;<\/p>\n<p>Gibt es eigentlich noch V\u00f6gel<br \/>\nin der Stadt?<br \/>\nAuf den D\u00e4chern?<br \/>\nWerden die noch satt?<br \/>\nIn den G\u00e4rten<br \/>\nmit den Lauben<br \/>\nhinter hohen<br \/>\nMauern?<br \/>\nAu\u00dfer Tauben<br \/>\nund Kr\u00e4hen<br \/>\nund Dohlen<br \/>\nund diesen kleinen<br \/>\ngrauen Viechern?<br \/>\nWar das dort<br \/>\nein Schmetterling?<br \/>\nIch kenn ja keinen.<\/p>\n<p>Dr\u00f6hnende Busse<br \/>\nkarren<br \/>\nhusten<br \/>\ngraue Menschen<br \/>\ndurch das<br \/>\nerbarmungslose<br \/>\nSonnenlicht<br \/>\nWas<br \/>\nhupen<br \/>\ndie Autos<br \/>\nso fr\u00f6hlich<br \/>\nverzweifelt?<\/p>\n<p><img decoding=\"async\" loading=\"lazy\" class=\"alignleft size-medium wp-image-2011\" src=\"https:\/\/www.andreas-dresen.de\/wordpress\/wp-content\/uploads\/2018\/08\/40253735_325323978037293_5309473382025134080_n-300x300.jpg\" alt=\"\" width=\"300\" height=\"300\" srcset=\"https:\/\/www.andreas-dresen.de\/wordpress\/wp-content\/uploads\/2018\/08\/40253735_325323978037293_5309473382025134080_n-300x300.jpg 300w, https:\/\/www.andreas-dresen.de\/wordpress\/wp-content\/uploads\/2018\/08\/40253735_325323978037293_5309473382025134080_n-150x150.jpg 150w, https:\/\/www.andreas-dresen.de\/wordpress\/wp-content\/uploads\/2018\/08\/40253735_325323978037293_5309473382025134080_n-768x768.jpg 768w, https:\/\/www.andreas-dresen.de\/wordpress\/wp-content\/uploads\/2018\/08\/40253735_325323978037293_5309473382025134080_n-1024x1024.jpg 1024w, https:\/\/www.andreas-dresen.de\/wordpress\/wp-content\/uploads\/2018\/08\/40253735_325323978037293_5309473382025134080_n.jpg 1280w\" sizes=\"(max-width: 300px) 100vw, 300px\" \/>Lange nackte Beine<br \/>\ndicke d\u00fcnne B\u00e4uche<br \/>\nbreite schmale Br\u00fcste<br \/>\nunter engem<br \/>\nFetzen<br \/>\nder mal gewaschen werden m\u00fcsste<br \/>\nziehen vor\u00fcber<br \/>\nziehen<br \/>\nAugen<br \/>\nBlicke<br \/>\nhinter sich her<br \/>\nwie<br \/>\nsch\u00e4umende Wellen<br \/>\nim Kielwasser<br \/>\nder F\u00e4hre<br \/>\ndie dich<br \/>\nauf die Insel bringt<br \/>\nim Sommer<br \/>\nwo ich gern w\u00e4re<br \/>\nwenn der Wind weht<br \/>\nund es zu hei\u00df wird<br \/>\nin der Stadt.<\/p>\n<p>Wir warten auf die Nacht<br \/>\num so lange zu tanzen<br \/>\nbis die Sonne<br \/>\nzur\u00fcckkehrt<br \/>\nund<br \/>\ndie ganzen<br \/>\nNachtschw\u00e4rmer<br \/>\nzur\u00fcck<br \/>\naufs Zimmer schickt.<br \/>\nVorh\u00e4nge<br \/>\ngegen die Strahlen.<\/p>\n<p><img decoding=\"async\" loading=\"lazy\" class=\"alignleft size-medium wp-image-2012\" src=\"https:\/\/www.andreas-dresen.de\/wordpress\/wp-content\/uploads\/2018\/08\/40235609_1876405482447441_2748729209164660736_n-300x300.jpg\" alt=\"\" width=\"300\" height=\"300\" srcset=\"https:\/\/www.andreas-dresen.de\/wordpress\/wp-content\/uploads\/2018\/08\/40235609_1876405482447441_2748729209164660736_n-300x300.jpg 300w, https:\/\/www.andreas-dresen.de\/wordpress\/wp-content\/uploads\/2018\/08\/40235609_1876405482447441_2748729209164660736_n-150x150.jpg 150w, https:\/\/www.andreas-dresen.de\/wordpress\/wp-content\/uploads\/2018\/08\/40235609_1876405482447441_2748729209164660736_n-768x768.jpg 768w, https:\/\/www.andreas-dresen.de\/wordpress\/wp-content\/uploads\/2018\/08\/40235609_1876405482447441_2748729209164660736_n-1024x1024.jpg 1024w, https:\/\/www.andreas-dresen.de\/wordpress\/wp-content\/uploads\/2018\/08\/40235609_1876405482447441_2748729209164660736_n.jpg 1280w\" sizes=\"(max-width: 300px) 100vw, 300px\" \/>Ein Sommer,<br \/>\nder nie zu Ende geht.<br \/>\nSind Nachtschw\u00e4rmer<br \/>\nSchmetterlinge<br \/>\ndie das Licht der<br \/>\nLaternen<br \/>\nlieben?<\/p>\n<p>Komm wir gehen<br \/>\nins Museum<br \/>\nda ist es k\u00fchl<br \/>\nach<br \/>\nkein WLAN<br \/>\ndann doch<br \/>\nins Cafe<br \/>\n5 Euro<br \/>\nf\u00fcrs K\u00e4nnchen<br \/>\nKaffee<br \/>\naber das WLAN ist frei<br \/>\nnur hier<br \/>\nund hier<br \/>\nden Namen<br \/>\ndie Adresse<br \/>\nund deine<br \/>\ngeheimen Gedanken<br \/>\nund die W\u00fcnsche beim Sex.<\/p>\n<p>Noch einen Kaffee bitte.<\/p>\n<p>Schwarz brennt der Asphalt<br \/>\nL\u00f6cher in meine Augen<br \/>\nund Gedanken<br \/>\nund in die F\u00fc\u00dfe.<br \/>\nWo sind die B\u00e4ume<br \/>\nwenn man sie mal braucht.<br \/>\nAber die Stra\u00dfe<br \/>\nist jetzt neu.<br \/>\nHat neue R\u00e4ume<br \/>\nohne B\u00e4ume.<br \/>\nEntstehen<br \/>\nParkpl\u00e4tze<br \/>\nwenn<br \/>\nParks<br \/>\nplatzen?<\/p>\n<p>Sommer<br \/>\nTr\u00e4ume<br \/>\nvom S\u00fcden<br \/>\nund Norden<br \/>\nund Osten<br \/>\nund Westen<br \/>\nEs ist zu hei\u00df<br \/>\nf\u00fcr die Gegenwart<br \/>\ndoch wohin auch<br \/>\nmeine Tr\u00e4ume wandern<br \/>\ndich nehme ich mit<br \/>\nob du willst<br \/>\noder nicht.<\/p>\n","protected":false},"excerpt":{"rendered":"<p>Sommer in der Stadt Kinder schreien zwischen den B\u00e4umen machen Krach im Schatten, und tr\u00e4umen von Sand und von Meer und baden im Bach, der das Wasser aus der Kl\u00e4ranlage f\u00fchrt. Mir geht es gut auch wenn die Kollegen sagen &hellip; <a href=\"https:\/\/www.andreas-dresen.de\/wordpress\/?page_id=1926\">Weiterlesen <span class=\"meta-nav\">&rarr;<\/span><\/a><\/p>\n","protected":false},"author":3,"featured_media":0,"parent":1909,"menu_order":0,"comment_status":"open","ping_status":"open","template":"","meta":{"ngg_post_thumbnail":0},"_links":{"self":[{"href":"https:\/\/www.andreas-dresen.de\/wordpress\/index.php?rest_route=\/wp\/v2\/pages\/1926"}],"collection":[{"href":"https:\/\/www.andreas-dresen.de\/wordpress\/index.php?rest_route=\/wp\/v2\/pages"}],"about":[{"href":"https:\/\/www.andreas-dresen.de\/wordpress\/index.php?rest_route=\/wp\/v2\/types\/page"}],"author":[{"embeddable":true,"href":"https:\/\/www.andreas-dresen.de\/wordpress\/index.php?rest_route=\/wp\/v2\/users\/3"}],"replies":[{"embeddable":true,"href":"https:\/\/www.andreas-dresen.de\/wordpress\/index.php?rest_route=%2Fwp%2Fv2%2Fcomments&post=1926"}],"version-history":[{"count":6,"href":"https:\/\/www.andreas-dresen.de\/wordpress\/index.php?rest_route=\/wp\/v2\/pages\/1926\/revisions"}],"predecessor-version":[{"id":2014,"href":"https:\/\/www.andreas-dresen.de\/wordpress\/index.php?rest_route=\/wp\/v2\/pages\/1926\/revisions\/2014"}],"up":[{"embeddable":true,"href":"https:\/\/www.andreas-dresen.de\/wordpress\/index.php?rest_route=\/wp\/v2\/pages\/1909"}],"wp:attachment":[{"href":"https:\/\/www.andreas-dresen.de\/wordpress\/index.php?rest_route=%2Fwp%2Fv2%2Fmedia&parent=1926"}],"curies":[{"name":"wp","href":"https:\/\/api.w.org\/{rel}","templated":true}]}}