{"id":1903,"date":"2016-09-12T14:57:12","date_gmt":"2016-09-12T12:57:12","guid":{"rendered":"http:\/\/www.andreas-dresen.de\/wordpress\/?page_id=1903"},"modified":"2016-09-12T15:06:42","modified_gmt":"2016-09-12T13:06:42","slug":"sommergedicht","status":"publish","type":"page","link":"https:\/\/www.andreas-dresen.de\/wordpress\/?page_id=1903","title":{"rendered":"Sommergedicht"},"content":{"rendered":"<p>Sommergedicht<\/p>\n<p>Wabert warmer W\u00fcstenwind<br \/>\num<br \/>\nwei\u00dfe weiche Waden<\/p>\n<p><a href=\"https:\/\/www.andreas-dresen.de\/wordpress\/wp-content\/uploads\/2016\/09\/14303002_10154452364449590_1163084377_n.jpg\"><img decoding=\"async\" loading=\"lazy\" src=\"https:\/\/www.andreas-dresen.de\/wordpress\/wp-content\/uploads\/2016\/09\/14303002_10154452364449590_1163084377_n-300x300.jpg\" alt=\"Sommer\" width=\"300\" height=\"300\" class=\"alignleft size-medium wp-image-1905\" srcset=\"https:\/\/www.andreas-dresen.de\/wordpress\/wp-content\/uploads\/2016\/09\/14303002_10154452364449590_1163084377_n-300x300.jpg 300w, https:\/\/www.andreas-dresen.de\/wordpress\/wp-content\/uploads\/2016\/09\/14303002_10154452364449590_1163084377_n-150x150.jpg 150w, https:\/\/www.andreas-dresen.de\/wordpress\/wp-content\/uploads\/2016\/09\/14303002_10154452364449590_1163084377_n.jpg 958w\" sizes=\"(max-width: 300px) 100vw, 300px\" \/><\/a>wallt Wollust wieder w\u00f6lbend<br \/>\nhinter<br \/>\nw\u00e4chsern wackren W\u00e4nden<\/p>\n<p>wohnt Wetterleuchtens wilder Wahnsinn<br \/>\nzwischen<br \/>\nwolkenschweren Wellen <\/p>\n<p>w\u00e4chst wirrer, w\u00fctendwindend Wurm<br \/>\nin<br \/>\nw\u00fcstenwelkem Wolfsblut<\/p>\n<p>weckt wilden Weihrauchs Weissglut<br \/>\nunaufhaltsam<br \/>\nWeltenbrand<\/p>\n<p>wandelt weingetr\u00e4nkte wunde<br \/>\nSeele<br \/>\nweitentfernen Weltenraum<\/p>\n<p>weckt widerliches Wechselbalg<br \/>\nder<br \/>\nWilden Witwen Wettgesang<\/p>\n<p>dann ist es Sommer im B\u00fcro<br \/>\nKurze Hosen, stramme Waden<br \/>\nwirre Gedanken, Sonnenstrahlen<br \/>\nfeuchte Stirne voller Zahlen<\/p>\n<p>dann ist es Sommer im B\u00fcro<br \/>\ndann wird es Zeit zu baden.<\/p>\n","protected":false},"excerpt":{"rendered":"<p>Sommergedicht Wabert warmer W\u00fcstenwind um wei\u00dfe weiche Waden wallt Wollust wieder w\u00f6lbend hinter w\u00e4chsern wackren W\u00e4nden wohnt Wetterleuchtens wilder Wahnsinn zwischen wolkenschweren Wellen w\u00e4chst wirrer, w\u00fctendwindend Wurm in w\u00fcstenwelkem Wolfsblut weckt wilden Weihrauchs Weissglut unaufhaltsam Weltenbrand wandelt weingetr\u00e4nkte wunde Seele &hellip; <a href=\"https:\/\/www.andreas-dresen.de\/wordpress\/?page_id=1903\">Weiterlesen <span class=\"meta-nav\">&rarr;<\/span><\/a><\/p>\n","protected":false},"author":3,"featured_media":0,"parent":0,"menu_order":0,"comment_status":"open","ping_status":"open","template":"","meta":{"ngg_post_thumbnail":0},"_links":{"self":[{"href":"https:\/\/www.andreas-dresen.de\/wordpress\/index.php?rest_route=\/wp\/v2\/pages\/1903"}],"collection":[{"href":"https:\/\/www.andreas-dresen.de\/wordpress\/index.php?rest_route=\/wp\/v2\/pages"}],"about":[{"href":"https:\/\/www.andreas-dresen.de\/wordpress\/index.php?rest_route=\/wp\/v2\/types\/page"}],"author":[{"embeddable":true,"href":"https:\/\/www.andreas-dresen.de\/wordpress\/index.php?rest_route=\/wp\/v2\/users\/3"}],"replies":[{"embeddable":true,"href":"https:\/\/www.andreas-dresen.de\/wordpress\/index.php?rest_route=%2Fwp%2Fv2%2Fcomments&post=1903"}],"version-history":[{"count":5,"href":"https:\/\/www.andreas-dresen.de\/wordpress\/index.php?rest_route=\/wp\/v2\/pages\/1903\/revisions"}],"predecessor-version":[{"id":1916,"href":"https:\/\/www.andreas-dresen.de\/wordpress\/index.php?rest_route=\/wp\/v2\/pages\/1903\/revisions\/1916"}],"wp:attachment":[{"href":"https:\/\/www.andreas-dresen.de\/wordpress\/index.php?rest_route=%2Fwp%2Fv2%2Fmedia&parent=1903"}],"curies":[{"name":"wp","href":"https:\/\/api.w.org\/{rel}","templated":true}]}}