{"id":1887,"date":"2016-09-05T13:26:19","date_gmt":"2016-09-05T11:26:19","guid":{"rendered":"http:\/\/www.andreas-dresen.de\/wordpress\/?page_id=1887"},"modified":"2017-05-18T10:49:33","modified_gmt":"2017-05-18T08:49:33","slug":"der-elefant-hinter-der-fliese","status":"publish","type":"page","link":"https:\/\/www.andreas-dresen.de\/wordpress\/?page_id=1887","title":{"rendered":"Der Elefant hinter der Fliese"},"content":{"rendered":"<p>Hinter der Fliese in der Wand,<br \/>\nda wohnt ein kleiner Elefant.<br \/>\nUnd immer wenn ich bohren will,<br \/>\nh\u00e4lt er ganz besonders still.<\/p>\n<p>Man sieht ihn nicht,<br \/>\nman h\u00f6rt ihn kaum.<br \/>\nnur manchmal mitten in der Nacht,<br \/>\nda h\u00f6rt man, wie er leise lacht.<\/p>\n<p><a href=\"https:\/\/www.andreas-dresen.de\/wordpress\/wp-content\/uploads\/2016\/09\/GrauerElefant1.jpg\"><img decoding=\"async\" loading=\"lazy\" class=\"alignleft size-medium wp-image-1935\" alt=\"GrauerElefant\" src=\"https:\/\/www.andreas-dresen.de\/wordpress\/wp-content\/uploads\/2016\/09\/GrauerElefant1-300x300.jpg\" width=\"300\" height=\"300\" srcset=\"https:\/\/www.andreas-dresen.de\/wordpress\/wp-content\/uploads\/2016\/09\/GrauerElefant1-300x300.jpg 300w, https:\/\/www.andreas-dresen.de\/wordpress\/wp-content\/uploads\/2016\/09\/GrauerElefant1-150x150.jpg 150w, https:\/\/www.andreas-dresen.de\/wordpress\/wp-content\/uploads\/2016\/09\/GrauerElefant1.jpg 958w\" sizes=\"(max-width: 300px) 100vw, 300px\" \/><\/a>Doch heute kam ich ihm beim Bohren,<br \/>\ndoch zu nah,<br \/>\ner schlackerte still mit den Ohren<br \/>\nund dachte sich: &#8222;O ha!<br \/>\nhier muss ich handeln&#8220;<br \/>\nund machte mir mit seinen Pfoten<br \/>\nin den Bohrer einen Knoten<br \/>\num mir mein Werk schnell zu verschandeln.<\/p>\n<p>Das Loch ist krumm,<br \/>\ndie Fliese splittert<br \/>\nmeine Frau, die schlittert<br \/>\nschreiend auf dem Wasserstrahl<br \/>\nins Bad,<br \/>\nder sprudelnd aus der Wand nun trat<br \/>\nund sprach<\/p>\n<p>&#8222;Was hast du da denn nur angestellt?<br \/>\nH\u00e4tt ich auf Papa doch geh\u00f6rt<br \/>\nund einen Handwerker bestellt!&#8220;<\/p>\n<p>&#8222;Das ist ja unerh\u00f6rt&#8220;<br \/>\nrief ich.<br \/>\n&#8222;Schuld ist doch er,<br \/>\nschuld bin ich nicht!&#8220;<\/p>\n<p>Sagt meine Frau:<br \/>\n&#8222;Wen meinst du denn, erkl\u00e4r!&#8220;<\/p>\n<p>Und ich sag:<br \/>\n&#8222;Hinter der Fliese in der Wand,<br \/>\nda wohnt ein kleiner Elefant.<\/p>\n<p>Man sieht ihn nicht,<br \/>\nman h\u00f6rt ihn kaum.<br \/>\nnur manchmal mitten in der Nacht,<br \/>\nda h\u00f6rt man, wie er leise lacht.&#8220;<\/p>\n<p>Und heute machte er mit seinen Pfoten<br \/>\nin meinen Bohrer einen Knoten!&#8220;<\/p>\n<p>Meine Frau rollt mit den Augen<br \/>\nsagt: Ich w\u00fcrd dir gerne glauben,<br \/>\ndoch Elefanten haben F\u00fc\u00dfe, keine Pfoten.<br \/>\nDrum ist der Knoten<br \/>\nnur in deinem Hirn.&#8220;<br \/>\nSagte sie und ging<br \/>\ndahin.<br \/>\nIch wischte mir die Stirn<br \/>\nund begann zerknirscht nun mit dem Saubermachen.<br \/>\nUnd h\u00f6rte dabei den kleinen Elefant<br \/>\nhinter der Fliese an der Wand<br \/>\ndie ganze Zeit ganz leise lachen.<\/p>\n","protected":false},"excerpt":{"rendered":"<p>Hinter der Fliese in der Wand, da wohnt ein kleiner Elefant. Und immer wenn ich bohren will, h\u00e4lt er ganz besonders still. Man sieht ihn nicht, man h\u00f6rt ihn kaum. nur manchmal mitten in der Nacht, da h\u00f6rt man, wie &hellip; <a href=\"https:\/\/www.andreas-dresen.de\/wordpress\/?page_id=1887\">Weiterlesen <span class=\"meta-nav\">&rarr;<\/span><\/a><\/p>\n","protected":false},"author":3,"featured_media":1888,"parent":0,"menu_order":0,"comment_status":"open","ping_status":"open","template":"","meta":{"ngg_post_thumbnail":0},"_links":{"self":[{"href":"https:\/\/www.andreas-dresen.de\/wordpress\/index.php?rest_route=\/wp\/v2\/pages\/1887"}],"collection":[{"href":"https:\/\/www.andreas-dresen.de\/wordpress\/index.php?rest_route=\/wp\/v2\/pages"}],"about":[{"href":"https:\/\/www.andreas-dresen.de\/wordpress\/index.php?rest_route=\/wp\/v2\/types\/page"}],"author":[{"embeddable":true,"href":"https:\/\/www.andreas-dresen.de\/wordpress\/index.php?rest_route=\/wp\/v2\/users\/3"}],"replies":[{"embeddable":true,"href":"https:\/\/www.andreas-dresen.de\/wordpress\/index.php?rest_route=%2Fwp%2Fv2%2Fcomments&post=1887"}],"version-history":[{"count":10,"href":"https:\/\/www.andreas-dresen.de\/wordpress\/index.php?rest_route=\/wp\/v2\/pages\/1887\/revisions"}],"predecessor-version":[{"id":1919,"href":"https:\/\/www.andreas-dresen.de\/wordpress\/index.php?rest_route=\/wp\/v2\/pages\/1887\/revisions\/1919"}],"wp:featuredmedia":[{"embeddable":true,"href":"https:\/\/www.andreas-dresen.de\/wordpress\/index.php?rest_route=\/wp\/v2\/media\/1888"}],"wp:attachment":[{"href":"https:\/\/www.andreas-dresen.de\/wordpress\/index.php?rest_route=%2Fwp%2Fv2%2Fmedia&parent=1887"}],"curies":[{"name":"wp","href":"https:\/\/api.w.org\/{rel}","templated":true}]}}