{"id":1742,"date":"2014-11-20T22:02:49","date_gmt":"2014-11-20T20:02:49","guid":{"rendered":"http:\/\/www.andreas-dresen.de\/wordpress\/?page_id=1742"},"modified":"2014-11-20T22:10:27","modified_gmt":"2014-11-20T20:10:27","slug":"wilhelmstadt-die-abendteuer-der-johanne-dejonker-band1-die-maschinen-des-saladin-sansibar","status":"publish","type":"page","link":"https:\/\/www.andreas-dresen.de\/wordpress\/?page_id=1742","title":{"rendered":"Wilhelmstadt &#8211; Die Abendteuer der Johanne deJonker, Band1: Die Maschinen des Saladin Sansibar"},"content":{"rendered":"<div id=\"attachment_1646\" style=\"width: 218px\" class=\"wp-caption aligncenter\"><a href=\"http:\/\/www.amazon.de\/Wilhelmstadt-Abenteuer-Johanne-deJonker-Band-ebook\/dp\/B00MFV0ZEI\"><img aria-describedby=\"caption-attachment-1646\" decoding=\"async\" loading=\"lazy\" src=\"https:\/\/www.andreas-dresen.de\/wordpress\/wp-content\/uploads\/2014\/06\/Wilhelmstadt_Cover-208x300.jpg\" alt=\"Wilhelmstadt -  Die Abenteuer der Johanne deJonker\" width=\"208\" height=\"300\" class=\"size-medium wp-image-1646\" srcset=\"https:\/\/www.andreas-dresen.de\/wordpress\/wp-content\/uploads\/2014\/06\/Wilhelmstadt_Cover-208x300.jpg 208w, https:\/\/www.andreas-dresen.de\/wordpress\/wp-content\/uploads\/2014\/06\/Wilhelmstadt_Cover-711x1024.jpg 711w, https:\/\/www.andreas-dresen.de\/wordpress\/wp-content\/uploads\/2014\/06\/Wilhelmstadt_Cover.jpg 1748w\" sizes=\"(max-width: 208px) 100vw, 208px\" \/><\/a><p id=\"caption-attachment-1646\" class=\"wp-caption-text\">Wilhelmstadt &#8211;  Die Abenteuer der Johanne deJonker<\/p><\/div>\n<p>Wilhelmstadt, 1899. Das st\u00e4hlerne Venedig Deutschlands. Eine dem Braunkohle-Rausch verfallene, hochindustrialisierte Stadt als Schauplatz einer verschw\u00f6rerischen Intrige inmitten von Dampfmaschinen und mechanischen Gadgets.<\/p>\n<p>Mitten in der Nacht versinkt die &#8222;Juggernauth&#8220; in den Fluten des Rheins. An Bord ist auch der Neffe von Kaiser Wilhelm II. Nur der Ingenieur Julius deJonker \u00fcberlebt das Ungl\u00fcck, liegt aber unwiederbringlich im Koma. Trotzdem zeichnet der Kaiser ihn verantwortlich f\u00fcr die Katastrophe und enteignet ihn all seiner Besitzt\u00fcmer.<\/p>\n<p>Nur seine Tochter Johanne ist von der Unschuld ihres Vaters \u00fcberzeugt. Verarmt, aber voller Entschlu\u00dfkraft, macht sie sich zusammen mit Miao, einer versto\u00dfenen Luftnomadin mit einem Dampfbein, auf die Suche nach den wahren Schuldigen.<\/p>\n<div id=\"attachment_1657\" style=\"width: 310px\" class=\"wp-caption aligncenter\"><a href=\"https:\/\/www.andreas-dresen.de\/wordpress\/wp-content\/uploads\/2014\/07\/cropped-Wilhelmstadt_1920x765-V1-org.jpg\"><img aria-describedby=\"caption-attachment-1657\" decoding=\"async\" loading=\"lazy\" src=\"https:\/\/www.andreas-dresen.de\/wordpress\/wp-content\/uploads\/2014\/07\/cropped-Wilhelmstadt_1920x765-V1-org-300x113.jpg\" alt=\"Wilhelmstadt! Hier wird die Zukunft gestaltet!\" width=\"300\" height=\"113\" class=\"size-medium wp-image-1657\" srcset=\"https:\/\/www.andreas-dresen.de\/wordpress\/wp-content\/uploads\/2014\/07\/cropped-Wilhelmstadt_1920x765-V1-org-300x113.jpg 300w, https:\/\/www.andreas-dresen.de\/wordpress\/wp-content\/uploads\/2014\/07\/cropped-Wilhelmstadt_1920x765-V1-org.jpg 940w\" sizes=\"(max-width: 300px) 100vw, 300px\" \/><\/a><p id=\"caption-attachment-1657\" class=\"wp-caption-text\">Wilhelmstadt! Hier wird die Zukunft gestaltet!<\/p><\/div>\n<p>Wilhelmstadt ist im Acabus-Verlag erschienen und ist als Printbuch sowie als E-Book in allen g\u00e4ngigen Formaten erh\u00e4ltlich!<\/p>\n<p>Wie w\u00e4re es mit einer <a href=\"https:\/\/www.andreas-dresen.de\/wordpress\/?page_id=1749\">Leseprobe<\/a>!<\/p>\n<div id=\"attachment_1643\" style=\"width: 293px\" class=\"wp-caption aligncenter\"><a href=\"https:\/\/www.andreas-dresen.de\/wordpress\/wp-content\/uploads\/2014\/06\/Wappen_Wilhelmstadt_mit_Schrift.jpg\"><img aria-describedby=\"caption-attachment-1643\" decoding=\"async\" loading=\"lazy\" src=\"https:\/\/www.andreas-dresen.de\/wordpress\/wp-content\/uploads\/2014\/06\/Wappen_Wilhelmstadt_mit_Schrift-283x300.jpg\" alt=\"Wappen der Stadt Wilhelmstadt\" width=\"283\" height=\"300\" class=\"size-medium wp-image-1643\" srcset=\"https:\/\/www.andreas-dresen.de\/wordpress\/wp-content\/uploads\/2014\/06\/Wappen_Wilhelmstadt_mit_Schrift-283x300.jpg 283w, https:\/\/www.andreas-dresen.de\/wordpress\/wp-content\/uploads\/2014\/06\/Wappen_Wilhelmstadt_mit_Schrift-969x1024.jpg 969w, https:\/\/www.andreas-dresen.de\/wordpress\/wp-content\/uploads\/2014\/06\/Wappen_Wilhelmstadt_mit_Schrift.jpg 1938w\" sizes=\"(max-width: 283px) 100vw, 283px\" \/><\/a><p id=\"caption-attachment-1643\" class=\"wp-caption-text\">Wappen der Stadt Wilhelmstadt<\/p><\/div>\n<p>Das ist das Wappen der fiktiven Stadt Wilhelmstadt aus meinem Steampunk-Roman \u201cWilhelmstadt \u2013 die Abenteuer der Johanne deJonker, Band1: Die Maschinen des Saladin Sansibar\u201d<\/p>\n<p>Aber was bedeutet es? Der Einfachheit halber zitiere ich mal aus meinem Buch. Wilhelmstadt ist das Ergebnis ehrgeiziger Ingenieurskunst. Die modernste Stadt des Deutschen Reichs ist innerhalb k\u00fcrzester Zeit auf einer mobilen Stahlplatte in der Rheinebene von den acht Gr\u00fcnderv\u00e4tern errichtet worden.<\/p>\n<p>Zum Dank hatte man diese Ingenieure auch auf dem Stadtwappen verewigt. Acht Sterne prangten um das gro\u00dfe \u201eW\u201c im linken unteren Viertel des Schilds. Die anderen Viertel zeigten den Reichsadler, den Rhein mit dem Schlo\u00df Eyth, das schon lange vor der Errichtung Wilhelmstadts auf der Grafenh\u00f6he gestanden hatte, sowie ein Zahnrad, das den ewigen Fortschritt in der Stadt symbolisierte.<\/p>\n","protected":false},"excerpt":{"rendered":"<p>Wilhelmstadt, 1899. Das st\u00e4hlerne Venedig Deutschlands. Eine dem Braunkohle-Rausch verfallene, hochindustrialisierte Stadt als Schauplatz einer verschw\u00f6rerischen Intrige inmitten von Dampfmaschinen und mechanischen Gadgets. Mitten in der Nacht versinkt die &#8222;Juggernauth&#8220; in den Fluten des Rheins. An Bord ist auch der &hellip; <a href=\"https:\/\/www.andreas-dresen.de\/wordpress\/?page_id=1742\">Weiterlesen <span class=\"meta-nav\">&rarr;<\/span><\/a><\/p>\n","protected":false},"author":3,"featured_media":0,"parent":190,"menu_order":0,"comment_status":"open","ping_status":"open","template":"","meta":{"ngg_post_thumbnail":0},"_links":{"self":[{"href":"https:\/\/www.andreas-dresen.de\/wordpress\/index.php?rest_route=\/wp\/v2\/pages\/1742"}],"collection":[{"href":"https:\/\/www.andreas-dresen.de\/wordpress\/index.php?rest_route=\/wp\/v2\/pages"}],"about":[{"href":"https:\/\/www.andreas-dresen.de\/wordpress\/index.php?rest_route=\/wp\/v2\/types\/page"}],"author":[{"embeddable":true,"href":"https:\/\/www.andreas-dresen.de\/wordpress\/index.php?rest_route=\/wp\/v2\/users\/3"}],"replies":[{"embeddable":true,"href":"https:\/\/www.andreas-dresen.de\/wordpress\/index.php?rest_route=%2Fwp%2Fv2%2Fcomments&post=1742"}],"version-history":[{"count":3,"href":"https:\/\/www.andreas-dresen.de\/wordpress\/index.php?rest_route=\/wp\/v2\/pages\/1742\/revisions"}],"predecessor-version":[{"id":1754,"href":"https:\/\/www.andreas-dresen.de\/wordpress\/index.php?rest_route=\/wp\/v2\/pages\/1742\/revisions\/1754"}],"up":[{"embeddable":true,"href":"https:\/\/www.andreas-dresen.de\/wordpress\/index.php?rest_route=\/wp\/v2\/pages\/190"}],"wp:attachment":[{"href":"https:\/\/www.andreas-dresen.de\/wordpress\/index.php?rest_route=%2Fwp%2Fv2%2Fmedia&parent=1742"}],"curies":[{"name":"wp","href":"https:\/\/api.w.org\/{rel}","templated":true}]}}